{"id":1639,"date":"2024-11-16T23:24:53","date_gmt":"2024-11-16T20:24:53","guid":{"rendered":"https:\/\/sanctuaryfamilywellness.com\/?page_id=1639"},"modified":"2024-11-22T23:00:05","modified_gmt":"2024-11-22T20:00:05","slug":"about-us","status":"publish","type":"page","link":"https:\/\/sanctuaryfamilywellness.com\/en\/about-us\/","title":{"rendered":"About Us"},"content":{"rendered":"\t\t<div data-elementor-type=\"wp-page\" data-elementor-id=\"1639\" class=\"elementor elementor-1639\" data-elementor-post-type=\"page\">\n\t\t\t\t\t\t<section class=\"elementor-section elementor-top-section elementor-element elementor-element-3d103a6 elementor-section-height-min-height elementor-section-content-middle elementor-section-boxed elementor-section-height-default elementor-section-items-middle\" data-id=\"3d103a6\" data-element_type=\"section\" data-settings=\"{&quot;background_background&quot;:&quot;classic&quot;}\">\n\t\t\t\t\t\t<div class=\"elementor-container elementor-column-gap-default\">\n\t\t\t\t\t<div class=\"elementor-column elementor-col-100 elementor-top-column elementor-element elementor-element-f24e7f4\" data-id=\"f24e7f4\" data-element_type=\"column\">\n\t\t\t<div class=\"elementor-widget-wrap elementor-element-populated\">\n\t\t\t\t\t\t<div class=\"elementor-element elementor-element-281263c animated-fast elementor-invisible elementor-widget elementor-widget-heading\" data-id=\"281263c\" data-element_type=\"widget\" data-settings=\"{&quot;_animation&quot;:&quot;fadeIn&quot;,&quot;_animation_delay&quot;:200,&quot;_animation_mobile&quot;:&quot;none&quot;}\" data-widget_type=\"heading.default\">\n\t\t\t\t<div class=\"elementor-widget-container\">\n\t\t\t<h2 class=\"elementor-heading-title elementor-size-default\">About Us<\/h2>\t\t<\/div>\n\t\t\t\t<\/div>\n\t\t\t\t\t<\/div>\n\t\t<\/div>\n\t\t\t\t\t<\/div>\n\t\t<\/section>\n\t\t<div class=\"elementor-element elementor-element-3bd742b3 e-flex e-con-boxed e-con e-parent\" data-id=\"3bd742b3\" data-element_type=\"container\" data-settings=\"{&quot;background_background&quot;:&quot;classic&quot;}\">\n\t\t\t\t\t<div class=\"e-con-inner\">\n\t\t<div class=\"elementor-element elementor-element-55d8a3ed e-con-full e-flex e-con e-child\" data-id=\"55d8a3ed\" data-element_type=\"container\">\n\t\t\t\t<div class=\"elementor-element elementor-element-65fc9282 elementor-widget elementor-widget-heading\" data-id=\"65fc9282\" data-element_type=\"widget\" data-widget_type=\"heading.default\">\n\t\t\t\t<div class=\"elementor-widget-container\">\n\t\t\t<h3 class=\"elementor-heading-title elementor-size-default\">Welcome to Sanctuary Family Wellness<\/h3>\t\t<\/div>\n\t\t\t\t<\/div>\n\t\t\t\t<div class=\"elementor-element elementor-element-7b491b4b elementor-widget elementor-widget-text-editor\" data-id=\"7b491b4b\" data-element_type=\"widget\" data-widget_type=\"text-editor.default\">\n\t\t\t\t<div class=\"elementor-widget-container\">\n\t\t\t\t\t\t\t<div class=\"flex-shrink-0 flex flex-col relative items-end\"><div class=\"pt-0\"><div class=\"gizmo-bot-avatar flex h-8 w-8 items-center justify-center overflow-hidden rounded-full\"><p>2009 y\u0131l\u0131ndan bu yana, kaliteli spa ve wellness hizmetleri sunarak bir\u00e7ok olumlu geri d\u00f6n\u00fc\u015f ald\u0131k. \u015eimdi ise, Fethiye\u2019nin merkezinde bulunan yeni mekan\u0131m\u0131z Sanctuary Family Wellness\u2019i tan\u0131tmaktan heyecan duyuyoruz.<\/p><p>Sanctuary Family Wellness, aileler ve bireyler i\u00e7in rahatlay\u0131p yenilenebilece\u011finiz bir alan sunuyor. Uzman terapistlerimiz, sizin ihtiya\u00e7lar\u0131n\u0131za g\u00f6re \u015fekillendirilmi\u015f masaj ve wellness hizmetleriyle stresinizi azaltman\u0131za ve kendinizi daha iyi hissetmenize yard\u0131mc\u0131 olacak.<\/p><p>Sanctuary Spa&#8217;dan edindi\u011fimiz deneyimle, burada da ayn\u0131 kaliteli hizmeti ve m\u00fc\u015fteri memnuniyetini sa\u011flamaya devam edece\u011fiz. Sizi, Sanctuary Family Wellness\u2019te a\u011f\u0131rlamaktan mutluluk duyar\u0131z.<\/p><\/div><\/div><\/div>\t\t\t\t\t\t<\/div>\n\t\t\t\t<\/div>\n\t\t\t\t<div class=\"elementor-element elementor-element-659248b2 elementor-widget elementor-widget-image\" data-id=\"659248b2\" data-element_type=\"widget\" data-widget_type=\"image.default\">\n\t\t\t\t<div class=\"elementor-widget-container\">\n\t\t\t\t\t\t\t\t\t\t\t\t\t<img fetchpriority=\"high\" decoding=\"async\" width=\"800\" height=\"520\" src=\"https:\/\/sanctuaryfamilywellness.com\/wp-content\/uploads\/2024\/11\/WhatsApp-Image-2024-11-09-at-13.s01.59-1-1024x665.jpg\" class=\"attachment-large size-large wp-image-1652\" alt=\"\" srcset=\"https:\/\/sanctuaryfamilywellness.com\/wp-content\/uploads\/2024\/11\/WhatsApp-Image-2024-11-09-at-13.s01.59-1-1024x665.jpg 1024w, https:\/\/sanctuaryfamilywellness.com\/wp-content\/uploads\/2024\/11\/WhatsApp-Image-2024-11-09-at-13.s01.59-1-300x195.jpg 300w, https:\/\/sanctuaryfamilywellness.com\/wp-content\/uploads\/2024\/11\/WhatsApp-Image-2024-11-09-at-13.s01.59-1-768x499.jpg 768w, https:\/\/sanctuaryfamilywellness.com\/wp-content\/uploads\/2024\/11\/WhatsApp-Image-2024-11-09-at-13.s01.59-1.jpg 1200w\" sizes=\"(max-width: 800px) 100vw, 800px\" \/>\t\t\t\t\t\t\t\t\t\t\t\t\t<\/div>\n\t\t\t\t<\/div>\n\t\t\t\t<\/div>\n\t\t\t\t\t<\/div>\n\t\t\t\t<\/div>\n\t\t\t\t<\/div>\n\t\t","protected":false},"excerpt":{"rendered":"<p>About Us Welcome to Sanctuary Family Wellness 2009 y\u0131l\u0131ndan bu yana, kaliteli spa ve wellness hizmetleri sunarak bir\u00e7ok olumlu geri d\u00f6n\u00fc\u015f ald\u0131k. \u015eimdi ise, Fethiye\u2019nin merkezinde bulunan yeni mekan\u0131m\u0131z Sanctuary Family Wellness\u2019i tan\u0131tmaktan heyecan duyuyoruz. Sanctuary Family Wellness, aileler ve bireyler i\u00e7in rahatlay\u0131p yenilenebilece\u011finiz bir alan sunuyor. Uzman terapistlerimiz, sizin ihtiya\u00e7lar\u0131n\u0131za g\u00f6re \u015fekillendirilmi\u015f masaj ve [&hellip;]<\/p>\n","protected":false},"author":1,"featured_media":0,"parent":0,"menu_order":0,"comment_status":"closed","ping_status":"closed","template":"","meta":{"inline_featured_image":false,"_monsterinsights_skip_tracking":false,"_monsterinsights_sitenote_active":false,"_monsterinsights_sitenote_note":"","_monsterinsights_sitenote_category":0,"_joinchat":[],"footnotes":""},"class_list":["post-1639","page","type-page","status-publish","hentry"],"aioseo_notices":[],"_links":{"self":[{"href":"https:\/\/sanctuaryfamilywellness.com\/en\/wp-json\/wp\/v2\/pages\/1639"}],"collection":[{"href":"https:\/\/sanctuaryfamilywellness.com\/en\/wp-json\/wp\/v2\/pages"}],"about":[{"href":"https:\/\/sanctuaryfamilywellness.com\/en\/wp-json\/wp\/v2\/types\/page"}],"author":[{"embeddable":true,"href":"https:\/\/sanctuaryfamilywellness.com\/en\/wp-json\/wp\/v2\/users\/1"}],"replies":[{"embeddable":true,"href":"https:\/\/sanctuaryfamilywellness.com\/en\/wp-json\/wp\/v2\/comments?post=1639"}],"version-history":[{"count":0,"href":"https:\/\/sanctuaryfamilywellness.com\/en\/wp-json\/wp\/v2\/pages\/1639\/revisions"}],"wp:attachment":[{"href":"https:\/\/sanctuaryfamilywellness.com\/en\/wp-json\/wp\/v2\/media?parent=1639"}],"curies":[{"name":"wp","href":"https:\/\/api.w.org\/{rel}","templated":true}]}}