{"id":2055,"date":"2024-11-21T18:08:29","date_gmt":"2024-11-21T15:08:29","guid":{"rendered":"https:\/\/sanctuaryfamilywellness.com\/data-protection\/"},"modified":"2024-11-21T19:05:53","modified_gmt":"2024-11-21T16:05:53","slug":"kvkk","status":"publish","type":"page","link":"https:\/\/sanctuaryfamilywellness.com\/tr\/kvkk\/","title":{"rendered":"KVKK"},"content":{"rendered":"\t\t<div data-elementor-type=\"wp-page\" data-elementor-id=\"2055\" class=\"elementor elementor-2055 elementor-2043\" data-elementor-post-type=\"page\">\n\t\t\t\t<div class=\"elementor-element elementor-element-8921777 e-con-full e-flex e-con e-parent\" data-id=\"8921777\" data-element_type=\"container\" data-settings=\"{&quot;background_background&quot;:&quot;gradient&quot;}\">\n\t\t\t\t<div class=\"elementor-element elementor-element-2427f24 elementor-widget elementor-widget-heading\" data-id=\"2427f24\" data-element_type=\"widget\" data-widget_type=\"heading.default\">\n\t\t\t\t<div class=\"elementor-widget-container\">\n\t\t\t<h2 class=\"elementor-heading-title elementor-size-default\">Ki\u015fisel Verileri Koruma Kanunu<\/h2>\t\t<\/div>\n\t\t\t\t<\/div>\n\t\t\t\t<\/div>\n\t\t<div class=\"elementor-element elementor-element-0605b87 e-flex e-con-boxed e-con e-parent\" data-id=\"0605b87\" data-element_type=\"container\">\n\t\t\t\t\t<div class=\"e-con-inner\">\n\t\t\t\t<div class=\"elementor-element elementor-element-3383398 elementor-widget elementor-widget-html\" data-id=\"3383398\" data-element_type=\"widget\" data-widget_type=\"html.default\">\n\t\t\t\t<div class=\"elementor-widget-container\">\n\t\t\t\r\n    \r\n   <h1 style=\"color: #333;\">K\u0130\u015e\u0130SEL VER\u0130 RIZA METN\u0130<\/h1>\r\n   <div class=\"elementor-element\" style=\"margin-bottom: 20px;\">\r\n      <div class=\"elementor-widget-container\">\r\n         <p style=\"font-size: 16px; line-height: 1.6;\">Bu ayd\u0131nlatma metni, 6698 say\u0131l\u0131 <strong>Ki\u015fisel Verilerin Korunmas\u0131 Kanunu<\/strong>nun 10. maddesi ile Ayd\u0131nlatma Y\u00fck\u00fcml\u00fcl\u00fc\u011f\u00fcn\u00fcn Yerine Getirilmesi hakk\u0131nda uyulacak us\u00fbl ve esaslar kapsam\u0131nda veri sorumlusu s\u0131fat\u0131yla a\u015fa\u011f\u0131daki a\u00e7\u0131klamalar\u0131 m\u00fc\u015fterilerimizin ve web-sitemizi ve\/veya mobil uygulamalar\u0131m\u0131z\u0131 kullanan 3. ki\u015filerin dikkatine sunmak i\u00e7in Sanctuary Family Wellness taraf\u0131ndan haz\u0131rlanm\u0131\u015ft\u0131r. Sanctuary Family Wellness i\u015fbu Ki\u015fisel Verilerin Korunmas\u0131 Hakk\u0131nda A\u00e7\u0131klama metnini y\u00fcr\u00fcrl\u00fckteki mevzuatta yap\u0131labilecek de\u011fi\u015fiklikler \u00e7er\u00e7evesinde her zaman g\u00fcncelleme hakk\u0131n\u0131 sakl\u0131 tutar.<\/p>\r\n         <p style=\"font-size: 16px; line-height: 1.6;\">Telefon: +90 533 315 57 18<\/p>\r\n         <p style=\"font-size: 16px; line-height: 1.6;\">Adres: Patlang\u0131\u00e7 Mahallesi, Patlang\u0131\u00e7 \u00d6l\u00fcdeniz Caddesi, 61\/2B<\/p>\r\n         <p style=\"font-size: 16px; line-height: 1.6;\">Sanctuary Family Wellness ile payla\u015f\u0131lan ki\u015fisel veriler, Sanctuary Family Wellness'in g\u00f6zetimi ve kontrol\u00fc alt\u0131ndad\u0131r. Sanctuary Family Wellness, y\u00fcr\u00fcrl\u00fckteki ilgili mevzuat h\u00fck\u00fcmleri gere\u011fince bilginin gizlili\u011finin ve b\u00fct\u00fcnl\u00fc\u011f\u00fcn\u00fcn korunmas\u0131 amac\u0131yla gerekli organizasyonu kurmak ve teknik \u00f6nlemleri almak ve uyarlamak konusunda veri sorumlusu s\u0131fat\u0131yla sorumlulu\u011fu \u00fcstlenmi\u015ftir. Bu konudaki y\u00fck\u00fcml\u00fcl\u00fc\u011f\u00fcm\u00fcz\u00fcn bilincinde olarak veri gizlili\u011fini konu alan uluslararas\u0131 ve ulusal teknik standartlara uygun olarak periyodik aral\u0131klarda websitemizde g\u00fcvenlik taramas\u0131 yap\u0131lmaktad\u0131r. Bu kapsamda veri i\u015fleme politikalar\u0131m\u0131z\u0131 her zaman g\u00fcncelledi\u011fimizi bilginize sunar\u0131z.<\/p>\r\n\r\n         <h2 style=\"font-size: 18px; color: #333;\">1. Ki\u015fisel Verilerin Toplanmas\u0131n\u0131n Yasal Dayana\u011f\u0131<\/h2>\r\n         <p style=\"font-size: 16px; line-height: 1.6;\">M\u00fc\u015fterilerimizin ki\u015fisel verilerinin kullan\u0131lmas\u0131 konusunda \u00e7e\u015fitli kanunlarda d\u00fczenlemeler bulunmaktad\u0131r. En ba\u015fta KVKK ile ki\u015fisel verilerin korunmas\u0131 esaslar\u0131 belirlenmi\u015ftir. Ayr\u0131ca 6563 Say\u0131l\u0131 Elektronik Ticaretin D\u00fczenlenmesi Hakk\u0131nda Kanun da ki\u015fisel verilerin korunmas\u0131na ili\u015fkin h\u00fck\u00fcm i\u00e7ermektedir. 5237 Say\u0131l\u0131 T\u00fcrk Ceza Kanunu h\u00fck\u00fcmleri yoluyla da ki\u015fisel verilerin korunmas\u0131 i\u00e7in baz\u0131 hallerde cezai yapt\u0131r\u0131mlar \u00f6ng\u00f6r\u00fclm\u00fc\u015ft\u00fcr. Di\u011fer yandan, 6502 say\u0131l\u0131 T\u00fcketicinin Korunmas\u0131 Hakk\u0131nda Kanun ve Mesafeli S\u00f6zle\u015fmeler Y\u00f6netmeli\u011fi\u2019nden do\u011fan y\u00fck\u00fcml\u00fcl\u00fcklerimizin ifas\u0131 amac\u0131yla verilerin toplanmas\u0131 ve kullan\u0131lmas\u0131 gerekmektedir.<\/p>\r\n\r\n         <h2 style=\"font-size: 18px; color: #333;\">2. Ki\u015fisel Verilerin Toplanma Y\u00f6ntemleri<\/h2>\r\n         <p style=\"font-size: 16px; line-height: 1.6;\">S\u00f6z konusu ki\u015fisel veri, Kanunun 5. maddesinde yer alan \u201cveri sorumlusunun hukuki y\u00fck\u00fcml\u00fcl\u00fc\u011f\u00fcn\u00fc yerine getirebilmesi i\u00e7in zorunlu olmas\u0131\u201d ve \u201cilgili ki\u015finin temel hak ve \u00f6zg\u00fcrl\u00fcklerine zarar vermemek kayd\u0131yla, veri sorumlusunun me\u015fru menfaatleri i\u00e7in veri i\u015flenmesinin zorunlu olmas\u0131\u201d hukuki sebebine dayanarak otomatik yolla i\u015flenmektedir.<\/p>\r\n\r\n         <h2 style=\"font-size: 18px; color: #333;\">3. Ki\u015fisel Verilerin Kullan\u0131ld\u0131\u011f\u0131 Alanlar<\/h2>\r\n         <p style=\"font-size: 16px; line-height: 1.6;\">M\u00fc\u015fterilerimize ait ki\u015fisel verilerin \u00fc\u00e7\u00fcnc\u00fc ki\u015filer ile payla\u015f\u0131m\u0131, m\u00fc\u015fterilerin izni \u00e7er\u00e7evesinde ger\u00e7ekle\u015fmekte ve kural olarak m\u00fc\u015fterimizin onay\u0131 olmaks\u0131z\u0131n ki\u015fisel verileri \u00fc\u00e7\u00fcnc\u00fc ki\u015filere aktar\u0131lmamaktad\u0131r.<\/p>\r\n         <p style=\"font-size: 16px; line-height: 1.6;\">Bununla birlikte, yasal y\u00fck\u00fcml\u00fcl\u00fcklerimiz nedeniyle ve bunlarla s\u0131n\u0131rl\u0131 olmak \u00fczere mahkemeler ve di\u011fer kamu kurumlar\u0131 ile gerekti\u011finde ki\u015fisel veriler payla\u015f\u0131lmaktad\u0131r. \u00dc\u00e7\u00fcnc\u00fc ki\u015filere veri aktar\u0131m\u0131 s\u0131ras\u0131nda hak ihlallerini \u00f6nlemek i\u00e7in gerekli teknik ve hukuki \u00f6nlemler al\u0131nmaktad\u0131r. Ancak ki\u015fisel verileri alan \u00fc\u00e7\u00fcnc\u00fc ki\u015finin veri koruma politikalar\u0131ndan kaynakl\u0131 ihlallerden Sanctuary Family Wellness sorumlu de\u011fildir.<\/p>\r\n\r\n         <p style=\"font-size: 16px; line-height: 1.6;\">Ki\u015fisel verileriniz Sanctuary Family Wellness\u2019in hissedarlar\u0131yla, do\u011frudan\/dolayl\u0131 yurti\u00e7i\/yurtd\u0131\u015f\u0131 i\u015ftiraklerimize, faaliyetlerimizi y\u00fcr\u00fctebilmek i\u00e7in i\u015fbirli\u011fi yapt\u0131\u011f\u0131m\u0131z program orta\u011f\u0131 kurumlarla, verilerin bulut ortam\u0131nda saklanmas\u0131 hizmeti ald\u0131\u011f\u0131m\u0131z ki\u015fi ve kurumlarla, ticari elektronik iletiler g\u00f6nderilmesi konusunda anla\u015fmal\u0131 oldu\u011fumuz kurulu\u015flarla, Bankalararas\u0131 Kart Merkezi ile, anla\u015fmal\u0131 oldu\u011fumuz bankalarla ve \u00e7e\u015fitli pazarlama faaliyetleri kapsam\u0131nda ajans, reklam ve anket \u015firketleri gibi ilgili i\u015f ortaklar\u0131m\u0131zla payla\u015f\u0131labilmektedir.<\/p>\r\n\r\n         <p style=\"font-size: 16px; line-height: 1.6;\">Ki\u015fisel verileriniz \u015fu ama\u00e7larla kullan\u0131lmaktad\u0131r:<\/p>\r\n         <ul style=\"font-size: 16px; line-height: 1.6;\">\r\n            <li>\u0130leti\u015fim i\u00e7in adres ve di\u011fer gerekli bilgileri kaydetmek,<\/li>\r\n            <li>Elektronik (internet\/mobil vs.) veya ka\u011f\u0131t ortam\u0131nda i\u015fleme dayanak olacak t\u00fcm kay\u0131t ve belgeleri d\u00fczenlemek,<\/li>\r\n            <li>Kamu g\u00fcvenli\u011fine ili\u015fkin hususlarda talep halinde ve mevzuat gere\u011fi kamu g\u00f6revlilerine bilgi verebilmek,<\/li>\r\n            <li>Hizmetlerimiz ile ilgili m\u00fc\u015fteri \u015fikayet ve \u00f6nerilerini de\u011ferlendirebilmek,<\/li>\r\n            <li>Yasal y\u00fck\u00fcml\u00fcl\u00fcklerimizi yerine getirebilmek ve y\u00fcr\u00fcrl\u00fckteki mevzuattan do\u011fan haklar\u0131m\u0131z\u0131 kullanabilmek,<\/li>\r\n            <li>Doland\u0131r\u0131c\u0131l\u0131k ve di\u011fer yasa d\u0131\u015f\u0131 faaliyetlerin \u00f6n\u00fcne ge\u00e7ebilmek.<\/li>\r\n         <\/ul>\r\n\r\n         <h2 style=\"font-size: 18px; color: #333;\">4. Ki\u015fisel Verilerin Korunmas\u0131 Kanunu madde 11 uyar\u0131nca m\u00fc\u015fterilerimizin haklar\u0131:<\/h2>\r\n         <p style=\"font-size: 16px; line-height: 1.6;\">KVKK uyar\u0131nca ki\u015fisel verilerinizin;<\/p>\r\n         <ul style=\"font-size: 16px; line-height: 1.6;\">\r\n            <li>a) Ki\u015fisel veri i\u015flenip i\u015flenmedi\u011fini \u00f6\u011frenme,<\/li>\r\n            <li>b) Ki\u015fisel verileri i\u015flenmi\u015fse buna ili\u015fkin bilgi talep etme,<\/li>\r\n            <li>c) Ki\u015fisel verilerin i\u015flenme amac\u0131n\u0131 ve bunlar\u0131n amac\u0131na uygun kullan\u0131l\u0131p kullan\u0131lmad\u0131\u011f\u0131n\u0131 \u00f6\u011frenme,<\/li>\r\n            <li>\u00e7) Yurt i\u00e7inde veya yurt d\u0131\u015f\u0131nda ki\u015fisel verilerin aktar\u0131ld\u0131\u011f\u0131 \u00fc\u00e7\u00fcnc\u00fc ki\u015fileri bilme,<\/li>\r\n            <li>d) Ki\u015fisel verilerin eksik veya yanl\u0131\u015f i\u015flenmi\u015f olmas\u0131 h\u00e2linde bunlar\u0131n d\u00fczeltilmesini isteme,<\/li>\r\n            <li>e) 7 nci maddede \u00f6ng\u00f6r\u00fclen \u015fartlar \u00e7er\u00e7evesinde ki\u015fisel verilerin silinmesini veya yok edilmesini isteme,<\/li>\r\n            <li>f) (d) ve (e) bentleri uyar\u0131nca yap\u0131lan i\u015flemlerin, ki\u015fisel verilerin aktar\u0131ld\u0131\u011f\u0131 \u00fc\u00e7\u00fcnc\u00fc ki\u015filere bildirilmesini isteme,<\/li>\r\n            <li>g) \u0130\u015flenen verilerin m\u00fcnhas\u0131ran otomatik sistemler vas\u0131tas\u0131yla analiz edilmesi suretiyle ki\u015finin kendisi aleyhine bir sonucun ortaya \u00e7\u0131kmas\u0131na itiraz etme,<\/li>\r\n            <li>\u011f) Ki\u015fisel verilerin kanuna ayk\u0131r\u0131 olarak i\u015flenmesi sebebiyle zarara u\u011framas\u0131 h\u00e2linde zarar\u0131n giderilmesini talep etme,<\/li>\r\n         <\/ul>\r\n\r\n         <p style=\"font-size: 16px; line-height: 1.6;\">Yukar\u0131da yap\u0131lan a\u00e7\u0131klamalar \u00e7er\u00e7evesinde ve <a href=\"https:\/\/sanctuaryfamilywellness.com\/tr\/kvkk\" style=\"color: #0066cc;\">https:\/\/sanctuaryfamilywellness.com\/tr\/kvkk<\/a> adresinde yer alan ayd\u0131nlatma y\u00fck\u00fcml\u00fcl\u00fc\u011f\u00fc dahilinde KVKK\u2019ya uygun olarak Sanctuary Family Wellness taraf\u0131ndan ki\u015fisel verilerimin toplanmas\u0131na, i\u015flenmesine, g\u00fcncellenmesine, periyodik olarak kontrol edilmesine, veri taban\u0131nda tutulmas\u0131na ve saklanmas\u0131na ve 4. maddede belirtilen kurum ve kurulu\u015flarla payla\u015f\u0131lmas\u0131na muvafakat ediyorum. \u0130\u015fbu bilgilendirme yaz\u0131s\u0131, KVKK\u2019n\u0131n 10\u2019uncu maddesi uyar\u0131nca ayd\u0131nlatma y\u00fck\u00fcml\u00fcl\u00fc\u011f\u00fcn\u00fc yerine getirmek \u00fczere haz\u0131rlanm\u0131\u015ft\u0131r.<\/p>\r\n\r\n         <p style=\"font-size: 16px; line-height: 1.6;\">Kanunun ilgili ki\u015finin haklar\u0131n\u0131 d\u00fczenleyen 11. maddesi kapsam\u0131ndaki taleplerinizi, \u201cVeri Sorumlusuna Ba\u015fvuru Usul ve Esaslar\u0131 Hakk\u0131nda Tebli\u011fe\u201d g\u00f6re Sanctuary Family Wellness\u2019in <a href=\"mailto:info@sanctuaryfamilywellness.com\" style=\"color: #0066cc;\">info@sanctuaryfamilywellness.com<\/a> e-posta adresine iletebilirsiniz.<\/p>\r\n\r\n    \r\n      <\/div>\r\n\r\n<\/div>\r\n\t\t<\/div>\n\t\t\t\t<\/div>\n\t\t\t\t\t<\/div>\n\t\t\t\t<\/div>\n\t\t\t\t<\/div>\n\t\t","protected":false},"excerpt":{"rendered":"<p>Ki\u015fisel Verileri Koruma Kanunu K\u0130\u015e\u0130SEL VER\u0130 RIZA METN\u0130 Bu ayd\u0131nlatma metni, 6698 say\u0131l\u0131 Ki\u015fisel Verilerin Korunmas\u0131 Kanununun 10. maddesi ile Ayd\u0131nlatma Y\u00fck\u00fcml\u00fcl\u00fc\u011f\u00fcn\u00fcn Yerine Getirilmesi hakk\u0131nda uyulacak us\u00fbl ve esaslar kapsam\u0131nda veri sorumlusu s\u0131fat\u0131yla a\u015fa\u011f\u0131daki a\u00e7\u0131klamalar\u0131 m\u00fc\u015fterilerimizin ve web-sitemizi ve\/veya mobil uygulamalar\u0131m\u0131z\u0131 kullanan 3. ki\u015filerin dikkatine sunmak i\u00e7in Sanctuary Family Wellness taraf\u0131ndan haz\u0131rlanm\u0131\u015ft\u0131r. Sanctuary Family Wellness [&hellip;]<\/p>\n","protected":false},"author":1,"featured_media":0,"parent":0,"menu_order":0,"comment_status":"closed","ping_status":"closed","template":"","meta":{"inline_featured_image":false,"_monsterinsights_skip_tracking":false,"_monsterinsights_sitenote_active":false,"_monsterinsights_sitenote_note":"","_monsterinsights_sitenote_category":0,"_joinchat":[],"footnotes":""},"class_list":["post-2055","page","type-page","status-publish","hentry"],"aioseo_notices":[],"_links":{"self":[{"href":"https:\/\/sanctuaryfamilywellness.com\/tr\/wp-json\/wp\/v2\/pages\/2055"}],"collection":[{"href":"https:\/\/sanctuaryfamilywellness.com\/tr\/wp-json\/wp\/v2\/pages"}],"about":[{"href":"https:\/\/sanctuaryfamilywellness.com\/tr\/wp-json\/wp\/v2\/types\/page"}],"author":[{"embeddable":true,"href":"https:\/\/sanctuaryfamilywellness.com\/tr\/wp-json\/wp\/v2\/users\/1"}],"replies":[{"embeddable":true,"href":"https:\/\/sanctuaryfamilywellness.com\/tr\/wp-json\/wp\/v2\/comments?post=2055"}],"version-history":[{"count":0,"href":"https:\/\/sanctuaryfamilywellness.com\/tr\/wp-json\/wp\/v2\/pages\/2055\/revisions"}],"wp:attachment":[{"href":"https:\/\/sanctuaryfamilywellness.com\/tr\/wp-json\/wp\/v2\/media?parent=2055"}],"curies":[{"name":"wp","href":"https:\/\/api.w.org\/{rel}","templated":true}]}}