{"id":2235,"date":"2024-11-16T23:24:53","date_gmt":"2024-11-16T20:24:53","guid":{"rendered":"https:\/\/sanctuaryfamilywellness.com\/hakkimizda\/"},"modified":"2024-11-22T20:58:35","modified_gmt":"2024-11-22T17:58:35","slug":"hakkimizda","status":"publish","type":"page","link":"https:\/\/sanctuaryfamilywellness.com\/tr\/hakkimizda\/","title":{"rendered":"Hakk\u0131m\u0131zda"},"content":{"rendered":"\t\t<div data-elementor-type=\"wp-page\" data-elementor-id=\"2235\" class=\"elementor elementor-2235 elementor-1639\" data-elementor-post-type=\"page\">\n\t\t\t\t\t\t<section class=\"elementor-section elementor-top-section elementor-element elementor-element-3d103a6 elementor-section-height-min-height elementor-section-content-middle elementor-section-boxed elementor-section-height-default elementor-section-items-middle\" data-id=\"3d103a6\" data-element_type=\"section\" data-settings=\"{&quot;background_background&quot;:&quot;classic&quot;}\">\n\t\t\t\t\t\t<div class=\"elementor-container elementor-column-gap-default\">\n\t\t\t\t\t<div class=\"elementor-column elementor-col-100 elementor-top-column elementor-element elementor-element-f24e7f4\" data-id=\"f24e7f4\" data-element_type=\"column\">\n\t\t\t<div class=\"elementor-widget-wrap elementor-element-populated\">\n\t\t\t\t\t\t<div class=\"elementor-element elementor-element-281263c animated-fast elementor-widget elementor-widget-heading\" data-id=\"281263c\" data-element_type=\"widget\" data-settings=\"{&quot;_animation&quot;:&quot;none&quot;,&quot;_animation_delay&quot;:200}\" data-widget_type=\"heading.default\">\n\t\t\t\t<div class=\"elementor-widget-container\">\n\t\t\t<h2 class=\"elementor-heading-title elementor-size-default\">Hakk\u0131m\u0131zda<\/h2>\t\t<\/div>\n\t\t\t\t<\/div>\n\t\t\t\t\t<\/div>\n\t\t<\/div>\n\t\t\t\t\t<\/div>\n\t\t<\/section>\n\t\t<div class=\"elementor-element elementor-element-3bd742b3 e-flex e-con-boxed e-con e-parent\" data-id=\"3bd742b3\" data-element_type=\"container\" data-settings=\"{&quot;background_background&quot;:&quot;classic&quot;}\">\n\t\t\t\t\t<div class=\"e-con-inner\">\n\t\t<div class=\"elementor-element elementor-element-55d8a3ed e-con-full e-flex e-con e-child\" data-id=\"55d8a3ed\" data-element_type=\"container\">\n\t\t\t\t<div class=\"elementor-element elementor-element-65fc9282 elementor-widget elementor-widget-heading\" data-id=\"65fc9282\" data-element_type=\"widget\" data-widget_type=\"heading.default\">\n\t\t\t\t<div class=\"elementor-widget-container\">\n\t\t\t<h3 class=\"elementor-heading-title elementor-size-default\">Sanctuary Family Wellness'a Ho\u015f Geldiniz<\/h3>\t\t<\/div>\n\t\t\t\t<\/div>\n\t\t\t\t<div class=\"elementor-element elementor-element-7b491b4b elementor-widget elementor-widget-text-editor\" data-id=\"7b491b4b\" data-element_type=\"widget\" data-widget_type=\"text-editor.default\">\n\t\t\t\t<div class=\"elementor-widget-container\">\n\t\t\t\t\t\t\t<p>2009 y\u0131l\u0131ndan bu yana, m\u00fckemmel spa ve wellness deneyimleri sunarak, sosyal platformlarda y\u00fczlerce \u00f6vg\u00fc dolu yorum kazanan Sanctuary Spa olarak hizmet vermekten gurur duyuyoruz. Y\u0131llar i\u00e7inde, rahatlama, yenilenme ve \u00f6z bak\u0131m konusunda g\u00fcvenilen bir isim haline geldik.<\/p><p>\u015eimdi ise, Fethiye&#8217;nin tam kalbinde yer alan yeni giri\u015fimimiz Sanctuary Family Wellness&#8217;i tan\u0131tmaktan heyecan duyuyoruz. Bu yeni mekan, yaln\u0131zca masaj ve wellness hizmetleri sunarak bireylerin ve ailelerin rahatlay\u0131p yeniden ba\u011f kurabilecekleri huzurlu bir alan sa\u011fl\u0131yor.<\/p><p>Sanctuary Family Wellness&#8217;te, uzman terapistlerimiz y\u0131llar\u0131n deneyimini ve b\u00fct\u00fcnsel iyilik hali konusundaki tutkular\u0131n\u0131 bir araya getiriyor. \u0130ster stresinizi azaltmak, enerjinizi art\u0131rmak, ister sadece bir anl\u0131k huzur bulmak isteyin, sizin ihtiya\u00e7lar\u0131n\u0131za uygun \u015fekilde tasarlanm\u0131\u015f hizmetler sunuyoruz.<\/p><p>Sanctuary Spa&#8217;dan edindi\u011fimiz deneyimle, bu yeni d\u00f6nemde bizlere kat\u0131lman\u0131z\u0131 davet ediyoruz. 2009&#8217;dan bu yana tan\u0131mlad\u0131\u011f\u0131m\u0131z ayn\u0131 kalite ve \u00f6zeni, \u015fimdi Sanctuary Family Wellness&#8217;te ke\u015ffedin.<\/p>\t\t\t\t\t\t<\/div>\n\t\t\t\t<\/div>\n\t\t\t\t<div class=\"elementor-element elementor-element-659248b2 elementor-widget elementor-widget-image\" data-id=\"659248b2\" data-element_type=\"widget\" data-widget_type=\"image.default\">\n\t\t\t\t<div class=\"elementor-widget-container\">\n\t\t\t\t\t\t\t\t\t\t\t\t\t<img fetchpriority=\"high\" decoding=\"async\" width=\"800\" height=\"520\" src=\"https:\/\/sanctuaryfamilywellness.com\/wp-content\/uploads\/2024\/11\/WhatsApp-Image-2024-11-09-at-13.s01.59-1-1024x665.jpg\" class=\"attachment-large size-large wp-image-1652\" alt=\"\" srcset=\"https:\/\/sanctuaryfamilywellness.com\/wp-content\/uploads\/2024\/11\/WhatsApp-Image-2024-11-09-at-13.s01.59-1-1024x665.jpg 1024w, https:\/\/sanctuaryfamilywellness.com\/wp-content\/uploads\/2024\/11\/WhatsApp-Image-2024-11-09-at-13.s01.59-1-300x195.jpg 300w, https:\/\/sanctuaryfamilywellness.com\/wp-content\/uploads\/2024\/11\/WhatsApp-Image-2024-11-09-at-13.s01.59-1-768x499.jpg 768w, https:\/\/sanctuaryfamilywellness.com\/wp-content\/uploads\/2024\/11\/WhatsApp-Image-2024-11-09-at-13.s01.59-1.jpg 1200w\" sizes=\"(max-width: 800px) 100vw, 800px\" \/>\t\t\t\t\t\t\t\t\t\t\t\t\t<\/div>\n\t\t\t\t<\/div>\n\t\t\t\t<\/div>\n\t\t\t\t\t<\/div>\n\t\t\t\t<\/div>\n\t\t\t\t<\/div>\n\t\t","protected":false},"excerpt":{"rendered":"<p>Hakk\u0131m\u0131zda Sanctuary Family Wellness&#8217;a Ho\u015f Geldiniz 2009 y\u0131l\u0131ndan bu yana, m\u00fckemmel spa ve wellness deneyimleri sunarak, sosyal platformlarda y\u00fczlerce \u00f6vg\u00fc dolu yorum kazanan Sanctuary Spa olarak hizmet vermekten gurur duyuyoruz. Y\u0131llar i\u00e7inde, rahatlama, yenilenme ve \u00f6z bak\u0131m konusunda g\u00fcvenilen bir isim haline geldik. \u015eimdi ise, Fethiye&#8217;nin tam kalbinde yer alan yeni giri\u015fimimiz Sanctuary Family Wellness&#8217;i [&hellip;]<\/p>\n","protected":false},"author":1,"featured_media":0,"parent":0,"menu_order":0,"comment_status":"closed","ping_status":"closed","template":"","meta":{"inline_featured_image":false,"_monsterinsights_skip_tracking":false,"_monsterinsights_sitenote_active":false,"_monsterinsights_sitenote_note":"","_monsterinsights_sitenote_category":0,"_joinchat":[],"footnotes":""},"class_list":["post-2235","page","type-page","status-publish","hentry"],"aioseo_notices":[],"_links":{"self":[{"href":"https:\/\/sanctuaryfamilywellness.com\/tr\/wp-json\/wp\/v2\/pages\/2235"}],"collection":[{"href":"https:\/\/sanctuaryfamilywellness.com\/tr\/wp-json\/wp\/v2\/pages"}],"about":[{"href":"https:\/\/sanctuaryfamilywellness.com\/tr\/wp-json\/wp\/v2\/types\/page"}],"author":[{"embeddable":true,"href":"https:\/\/sanctuaryfamilywellness.com\/tr\/wp-json\/wp\/v2\/users\/1"}],"replies":[{"embeddable":true,"href":"https:\/\/sanctuaryfamilywellness.com\/tr\/wp-json\/wp\/v2\/comments?post=2235"}],"version-history":[{"count":0,"href":"https:\/\/sanctuaryfamilywellness.com\/tr\/wp-json\/wp\/v2\/pages\/2235\/revisions"}],"wp:attachment":[{"href":"https:\/\/sanctuaryfamilywellness.com\/tr\/wp-json\/wp\/v2\/media?parent=2235"}],"curies":[{"name":"wp","href":"https:\/\/api.w.org\/{rel}","templated":true}]}}