{"id":2241,"date":"2024-11-11T00:22:39","date_gmt":"2024-11-10T21:22:39","guid":{"rendered":"https:\/\/sanctuaryfamilywellness.com\/iletisim\/"},"modified":"2024-11-30T00:26:44","modified_gmt":"2024-11-29T21:26:44","slug":"iletisim","status":"publish","type":"page","link":"https:\/\/sanctuaryfamilywellness.com\/tr\/iletisim\/","title":{"rendered":"\u0130leti\u015fim"},"content":{"rendered":"\t\t<div data-elementor-type=\"wp-page\" data-elementor-id=\"2241\" class=\"elementor elementor-2241 elementor-259\" data-elementor-post-type=\"page\">\n\t\t\t\t<div class=\"elementor-element elementor-element-d936884 e-con-full e-flex e-con e-parent\" data-id=\"d936884\" data-element_type=\"container\" data-settings=\"{&quot;background_background&quot;:&quot;classic&quot;}\">\n\t\t\t\t<div class=\"elementor-element elementor-element-29f89fc elementor-widget elementor-widget-heading\" data-id=\"29f89fc\" data-element_type=\"widget\" data-widget_type=\"heading.default\">\n\t\t\t\t<div class=\"elementor-widget-container\">\n\t\t\t<h2 class=\"elementor-heading-title elementor-size-default\">\u0130leti\u015fim Formu<\/h2>\t\t<\/div>\n\t\t\t\t<\/div>\n\t\t\t\t<\/div>\n\t\t<div class=\"elementor-element elementor-element-cac7e29 e-flex e-con-boxed e-con e-parent\" data-id=\"cac7e29\" data-element_type=\"container\" data-settings=\"{&quot;background_background&quot;:&quot;classic&quot;}\">\n\t\t\t\t\t<div class=\"e-con-inner\">\n\t\t\t\t<div class=\"elementor-element elementor-element-e46dc3c elementor-widget elementor-widget-formidable\" data-id=\"e46dc3c\" data-element_type=\"widget\" data-widget_type=\"formidable.default\">\n\t\t\t\t<div class=\"elementor-widget-container\">\n\t\t\t<div class=\"frm_forms  with_frm_style frm_style_formidable-style\" id=\"frm_form_3_container\" data-token=\"9aed51da84e4056170f28dd5204c8da5\">\n<form enctype=\"multipart\/form-data\" method=\"post\" class=\"frm-show-form  frm_js_validate  frm_ajax_submit  frm_pro_form \" id=\"form_contact-form3\" data-token=\"9aed51da84e4056170f28dd5204c8da5\">\n<div class=\"frm_form_fields \">\n<fieldset>\n<legend class=\"frm_screen_reader\">\u0130leti\u015fim-tr<\/legend>\r\n\r\n<div class=\"frm_fields_container\">\n<input type=\"hidden\" name=\"frm_action\" value=\"create\" \/>\n<input type=\"hidden\" name=\"form_id\" value=\"3\" \/>\n<input type=\"hidden\" name=\"frm_hide_fields_3\" id=\"frm_hide_fields_3\" value=\"\" \/>\n<input type=\"hidden\" name=\"form_key\" value=\"contact-form3\" \/>\n<input type=\"hidden\" name=\"item_meta[0]\" value=\"\" \/>\n<input type=\"hidden\" id=\"frm_submit_entry_3\" name=\"frm_submit_entry_3\" value=\"8a481f0775\" \/><input type=\"hidden\" name=\"_wp_http_referer\" value=\"\/tr\/wp-json\/wp\/v2\/pages\/2241\" \/><div id=\"frm_field_17_container\" class=\"frm_form_field form-field  frm_required_field frm_top_container frm_first frm_half\">\r\n\t<label for=\"field_qh4icy3\" id=\"field_qh4icy3_label\" class=\"frm_primary_label\">\u0130sim\r\n\t\t<span class=\"frm_required\" aria-hidden=\"true\">*<\/span>\r\n\t<\/label>\r\n\t<input type=\"text\" id=\"field_qh4icy3\" name=\"item_meta[17]\" value=\"\"  data-reqmsg=\"\u0130sim bo\u015f b\u0131rak\u0131lamaz.\" aria-required=\"true\" data-invmsg=\"\u0130sim is invalid\" aria-invalid=\"false\"  \/>\r\n\t\r\n\t\r\n<\/div>\n<div id=\"frm_field_18_container\" class=\"frm_form_field form-field  frm_required_field frm_top_container frm_half\">\r\n\t<label for=\"field_ocfup13\" id=\"field_ocfup13_label\" class=\"frm_primary_label\">Soyisim\r\n\t\t<span class=\"frm_required\" aria-hidden=\"true\">*<\/span>\r\n\t<\/label>\r\n\t<input type=\"text\" id=\"field_ocfup13\" name=\"item_meta[18]\" value=\"\"  data-reqmsg=\"Soyisim bo\u015f b\u0131rak\u0131lamaz.\" aria-required=\"true\" data-invmsg=\"Soyisim is invalid\" aria-invalid=\"false\"  \/>\r\n\t\r\n\t\r\n<\/div>\n<div id=\"frm_field_19_container\" class=\"frm_form_field form-field  frm_required_field frm_top_container frm_half\">\r\n\t<label for=\"field_29yf4d3\" id=\"field_29yf4d3_label\" class=\"frm_primary_label\">Eposta Adresi\r\n\t\t<span class=\"frm_required\" aria-hidden=\"true\">*<\/span>\r\n\t<\/label>\r\n\t<input type=\"email\" id=\"field_29yf4d3\" name=\"item_meta[19]\" value=\"\"  data-reqmsg=\"Bu alan bo\u015f b\u0131rak\u0131lamaz.\" aria-required=\"true\" data-invmsg=\"L\u00fctfen ge\u00e7erli bir e-posta adresi girin.\" aria-invalid=\"false\"  \/>\r\n\t\r\n\t\r\n<\/div>\n<div id=\"frm_field_conf_19_container\" class=\"frm_form_field frm_hidden_container frm_conf_field form-field  frm_required_field frm_top_container frm_half\">\r\n\t<label for=\"field_conf_29yf4d3\" id=\"field_conf_29yf4d3_label\" class=\"frm_conf_label frm_primary_label\">Confirm Eposta Adresi\r\n\t\t<span class=\"frm_required\" aria-hidden=\"true\">*<\/span>\r\n\t<\/label>\r\n\t<input type=\"email\" id=\"field_conf_29yf4d3\" name=\"item_meta[conf_19]\" value=\"\"  data-reqmsg=\"Bu alan bo\u015f b\u0131rak\u0131lamaz.\" aria-required=\"true\" data-confmsg=\"Girilen Eposta adresleri e\u015fle\u015fmiyor.\" data-invmsg=\"L\u00fctfen ge\u00e7erli bir e-posta adresi girin.\" aria-invalid=\"false\"   aria-describedby=\"frm_desc_field_conf_29yf4d3\"\/>\r\n\t<div class=\"frm_description\" id=\"frm_desc_field_conf_29yf4d3\">Eposta adresinizi tekrar girerek do\u011frulay\u0131n\u0131z<\/div>\r\n\t\r\n<\/div>\n<div id=\"frm_field_20_container\" class=\"frm_form_field form-field  frm_required_field frm_top_container frm_full\">\r\n\t<label for=\"field_e6lis63\" id=\"field_e6lis63_label\" class=\"frm_primary_label\">Konu Ba\u015fl\u0131\u011f\u0131\r\n\t\t<span class=\"frm_required\" aria-hidden=\"true\">*<\/span>\r\n\t<\/label>\r\n\t<input type=\"text\" id=\"field_e6lis63\" name=\"item_meta[20]\" value=\"\"  data-reqmsg=\"Konu Ba\u015fl\u0131\u011f\u0131 bo\u015f b\u0131rak\u0131lamaz.\" aria-required=\"true\" data-invmsg=\"Konu Ba\u015fl\u0131\u011f\u0131 is invalid\" aria-invalid=\"false\"  \/>\r\n\t\r\n\t\r\n<\/div>\n<div id=\"frm_field_21_container\" class=\"frm_form_field form-field  frm_required_field frm_top_container frm_full\">\r\n\t<label for=\"field_9jv0r13\" id=\"field_9jv0r13_label\" class=\"frm_primary_label\">Mesaj\u0131n\u0131z\r\n\t\t<span class=\"frm_required\" aria-hidden=\"true\">*<\/span>\r\n\t<\/label>\r\n\t<textarea name=\"item_meta[21]\" id=\"field_9jv0r13\" rows=\"5\"  data-reqmsg=\"Mesaj\u0131n\u0131z bo\u015f b\u0131rak\u0131lamaz.\" aria-required=\"true\" data-invmsg=\"Mesaj\u0131n\u0131z ge\u00e7ersiz.\" aria-invalid=\"false\"  ><\/textarea>\r\n\t\r\n\t\r\n<\/div>\n<div id=\"frm_field_22_container\" class=\"frm_form_field form-field  frm_none_container\">\r\n\t<label for=\"g-recaptcha-response\" id=\"field_sic262_label\" class=\"frm_primary_label\">Captcha\r\n\t\t<span class=\"frm_required\" aria-hidden=\"true\"><\/span>\r\n\t<\/label>\r\n\t<div  id=\"field_sic262\" class=\"frm-g-recaptcha\" data-sitekey=\"6LcjNGwqAAAAAMQDfMun73Km7CSPAFTpwHLsV4nf\" data-size=\"invisible\" data-theme=\"light\"><\/div>\r\n\t\r\n\t\r\n<\/div>\n<div id=\"frm_field_23_container\" class=\"frm_form_field form-field \">\r\n\t<div class=\"frm_submit frm_flex\">\r\n<button class=\"frm_button_submit frm_final_submit\" type=\"submit\"   formnovalidate=\"formnovalidate\">G\u00f6nder<\/button>\r\n\r\n\r\n\r\n<\/div>\r\n<\/div>\n\t<input type=\"hidden\" name=\"item_key\" value=\"\" \/>\n\t\t\t\t<div class=\"frm__6731248d243b8\">\n\t\t\t\t<label for=\"frm_email_3\" >\n\t\t\t\t\tIf you are human, leave this field blank.\t\t\t\t<\/label>\n\t\t\t\t<input  id=\"frm_email_3\" type=\"email\" class=\"frm_verify\" name=\"frm__6731248d243b8\" value=\"\"  \/>\n\t\t\t<\/div>\n\t\t<input name=\"frm_state\" type=\"hidden\" value=\"yhs69mqQWelN0x5sxDUhmWH16d2YIlLrXGvB532Hn9o=\" \/><\/div>\n<\/fieldset>\n<\/div>\n\n<\/form>\n<\/div>\n\t\t<\/div>\n\t\t\t\t<\/div>\n\t\t\t\t\t<\/div>\n\t\t\t\t<\/div>\n\t\t\t\t<\/div>\n\t\t","protected":false},"excerpt":{"rendered":"<p>\u0130leti\u015fim Formu \u0130leti\u015fim-tr \u0130sim * Soyisim * Eposta Adresi * Confirm Eposta Adresi * Eposta adresinizi tekrar girerek do\u011frulay\u0131n\u0131z Konu Ba\u015fl\u0131\u011f\u0131 * Mesaj\u0131n\u0131z * Captcha G\u00f6nder If you are human, leave this field blank.<\/p>\n","protected":false},"author":1,"featured_media":0,"parent":0,"menu_order":0,"comment_status":"closed","ping_status":"closed","template":"","meta":{"inline_featured_image":false,"_monsterinsights_skip_tracking":false,"_monsterinsights_sitenote_active":false,"_monsterinsights_sitenote_note":"","_monsterinsights_sitenote_category":0,"_joinchat":[],"footnotes":""},"class_list":["post-2241","page","type-page","status-publish","hentry"],"aioseo_notices":[],"_links":{"self":[{"href":"https:\/\/sanctuaryfamilywellness.com\/tr\/wp-json\/wp\/v2\/pages\/2241"}],"collection":[{"href":"https:\/\/sanctuaryfamilywellness.com\/tr\/wp-json\/wp\/v2\/pages"}],"about":[{"href":"https:\/\/sanctuaryfamilywellness.com\/tr\/wp-json\/wp\/v2\/types\/page"}],"author":[{"embeddable":true,"href":"https:\/\/sanctuaryfamilywellness.com\/tr\/wp-json\/wp\/v2\/users\/1"}],"replies":[{"embeddable":true,"href":"https:\/\/sanctuaryfamilywellness.com\/tr\/wp-json\/wp\/v2\/comments?post=2241"}],"version-history":[{"count":0,"href":"https:\/\/sanctuaryfamilywellness.com\/tr\/wp-json\/wp\/v2\/pages\/2241\/revisions"}],"wp:attachment":[{"href":"https:\/\/sanctuaryfamilywellness.com\/tr\/wp-json\/wp\/v2\/media?parent=2241"}],"curies":[{"name":"wp","href":"https:\/\/api.w.org\/{rel}","templated":true}]}}