{"id":226,"date":"2024-11-07T20:50:40","date_gmt":"2024-11-07T17:50:40","guid":{"rendered":"https:\/\/sanctuaryfamilywellness.com\/rezervasyon-yap\/"},"modified":"2025-02-28T15:30:38","modified_gmt":"2025-02-28T12:30:38","slug":"rezervasyon-yap","status":"publish","type":"page","link":"https:\/\/sanctuaryfamilywellness.com\/tr\/rezervasyon-yap\/","title":{"rendered":"Rezervasyon Yap"},"content":{"rendered":"\t\t<div data-elementor-type=\"wp-page\" data-elementor-id=\"226\" class=\"elementor elementor-226 elementor-13\" data-elementor-post-type=\"page\">\n\t\t\t\t\t\t<section class=\"elementor-section elementor-top-section elementor-element elementor-element-a7c4789 elementor-section-boxed elementor-section-height-default elementor-section-height-default\" data-id=\"a7c4789\" data-element_type=\"section\">\n\t\t\t\t\t\t<div class=\"elementor-container elementor-column-gap-default\">\n\t\t\t\t\t<div class=\"elementor-column elementor-col-100 elementor-top-column elementor-element elementor-element-ebe5f6e\" data-id=\"ebe5f6e\" data-element_type=\"column\">\n\t\t\t<div class=\"elementor-widget-wrap elementor-element-populated\">\n\t\t\t\t\t\t<div class=\"elementor-element elementor-element-3cbc54c elementor-widget elementor-widget-text-editor\" data-id=\"3cbc54c\" data-element_type=\"widget\" data-widget_type=\"text-editor.default\">\n\t\t\t\t<div class=\"elementor-widget-container\">\n\t\t\t\t\t\t\t<div style=\"border: 3px solid #FFA500; border-radius: 10px; background-color: #fff4e5; padding: 25px; text-align: center; max-width: 600px; margin: 30px auto;\">\n  <h1 style=\"color: #d9534f; font-size: 28px; font-weight: bold;\"><span style=\"font-size: 36px; color: #d9534f;\">\u26a0<\/span> D\u0130KKAT<\/h1>\n  <p style=\"color: #333; font-size: 22px; line-height: 1.8;\">Rezervasyon yapmak i\u00e7in l\u00fctfen \n    <a style=\"color: #d9534f; text-decoration: underline;\" href=\"https:\/\/sanctuaryfamilywellness.com\/tr\/kayit-ol\/\">buraya<\/a> \n    t\u0131klayarak kay\u0131t olunuz. Kay\u0131t i\u015flemi tamamland\u0131ktan sonra otomatik olarak giri\u015f yapacaks\u0131n\u0131z.\n    <br>Zaten kay\u0131tl\u0131ysan\u0131z, giri\u015f formuna eri\u015fmek i\u00e7in \n    <a style=\"color: #d9534f; text-decoration: underline;\" href=\"https:\/\/sanctuaryfamilywellness.com\/tr\/giris-yap\/\">buraya<\/a> \n    t\u0131klayabilirsiniz. Giri\u015f yapt\u0131ktan sonra rezervasyonunuza devam edebilirsiniz. Te\u015fekk\u00fcrler!\n  <\/p>\n<\/div>\n\t\t\t\t\t\t<\/div>\n\t\t\t\t<\/div>\n\t\t\t\t\t<\/div>\n\t\t<\/div>\n\t\t\t\t\t<\/div>\n\t\t<\/section>\n\t\t\t\t<\/div>\n\t\t","protected":false},"excerpt":{"rendered":"<p>Rezervasyon Sayfas\u0131 \u26a0 D\u0130KKAT Rezervasyon yapmak i\u00e7in l\u00fctfen buraya t\u0131klayarak kay\u0131t olunuz. Kay\u0131t i\u015flemi tamamland\u0131ktan sonra otomatik olarak giri\u015f yapacaks\u0131n\u0131z. Zaten kay\u0131tl\u0131ysan\u0131z, giri\u015f formuna eri\u015fmek i\u00e7in buraya t\u0131klayabilirsiniz. Giri\u015f yapt\u0131ktan sonra rezervasyonunuza devam edebilirsiniz. Te\u015fekk\u00fcrler!<\/p>\n","protected":false},"author":1,"featured_media":0,"parent":0,"menu_order":0,"comment_status":"closed","ping_status":"closed","template":"","meta":{"inline_featured_image":false,"_monsterinsights_skip_tracking":false,"_monsterinsights_sitenote_active":false,"_monsterinsights_sitenote_note":"","_monsterinsights_sitenote_category":0,"_joinchat":[],"footnotes":""},"class_list":["post-226","page","type-page","status-publish","hentry"],"aioseo_notices":[],"_links":{"self":[{"href":"https:\/\/sanctuaryfamilywellness.com\/tr\/wp-json\/wp\/v2\/pages\/226"}],"collection":[{"href":"https:\/\/sanctuaryfamilywellness.com\/tr\/wp-json\/wp\/v2\/pages"}],"about":[{"href":"https:\/\/sanctuaryfamilywellness.com\/tr\/wp-json\/wp\/v2\/types\/page"}],"author":[{"embeddable":true,"href":"https:\/\/sanctuaryfamilywellness.com\/tr\/wp-json\/wp\/v2\/users\/1"}],"replies":[{"embeddable":true,"href":"https:\/\/sanctuaryfamilywellness.com\/tr\/wp-json\/wp\/v2\/comments?post=226"}],"version-history":[{"count":21,"href":"https:\/\/sanctuaryfamilywellness.com\/tr\/wp-json\/wp\/v2\/pages\/226\/revisions"}],"predecessor-version":[{"id":4280,"href":"https:\/\/sanctuaryfamilywellness.com\/tr\/wp-json\/wp\/v2\/pages\/226\/revisions\/4280"}],"wp:attachment":[{"href":"https:\/\/sanctuaryfamilywellness.com\/tr\/wp-json\/wp\/v2\/media?parent=226"}],"curies":[{"name":"wp","href":"https:\/\/api.w.org\/{rel}","templated":true}]}}