{"id":5139,"date":"2026-02-10T03:53:40","date_gmt":"2026-02-10T00:53:40","guid":{"rendered":"https:\/\/sanctuaryfamilywellness.com\/?page_id=5139"},"modified":"2026-02-25T18:56:14","modified_gmt":"2026-02-25T15:56:14","slug":"sevgililer-gunu","status":"publish","type":"page","link":"https:\/\/sanctuaryfamilywellness.com\/tr\/sevgililer-gunu\/","title":{"rendered":"Sevgililer g\u00fcn\u00fc"},"content":{"rendered":"\t\t<div data-elementor-type=\"wp-page\" data-elementor-id=\"5139\" class=\"elementor elementor-5139\" data-elementor-post-type=\"page\">\n\t\t\t\t<div class=\"elementor-element elementor-element-dc89e11 e-con-full e-flex e-con e-parent\" data-id=\"dc89e11\" data-element_type=\"container\" data-settings=\"{&quot;background_background&quot;:&quot;gradient&quot;}\">\n\t\t\t\t<div class=\"elementor-element elementor-element-04f70e9 elementor-widget elementor-widget-heading\" data-id=\"04f70e9\" data-element_type=\"widget\" data-widget_type=\"heading.default\">\n\t\t\t\t<div class=\"elementor-widget-container\">\n\t\t\t<h2 class=\"elementor-heading-title elementor-size-default\">Fiyat Listesi<\/h2>\t\t<\/div>\n\t\t\t\t<\/div>\n\t\t\t\t<\/div>\n\t\t<div class=\"elementor-element elementor-element-4c4006d e-flex e-con-boxed e-con e-parent\" data-id=\"4c4006d\" data-element_type=\"container\">\n\t\t\t\t\t<div class=\"e-con-inner\">\n\t\t\t\t<div class=\"elementor-element elementor-element-a43a94f elementor-widget elementor-widget-heading\" data-id=\"a43a94f\" data-element_type=\"widget\" data-widget_type=\"heading.default\">\n\t\t\t\t<div class=\"elementor-widget-container\">\n\t\t\t<h2 class=\"elementor-heading-title elementor-size-default\">%50 \u0130ndirimli Sevgilier G\u00fcn\u00fc Fiyat listesi<\/h2>\t\t<\/div>\n\t\t\t\t<\/div>\n\t\t\t\t<div class=\"elementor-element elementor-element-0f359d9 elementor-widget elementor-widget-html\" data-id=\"0f359d9\" data-element_type=\"widget\" data-widget_type=\"html.default\">\n\t\t\t\t<div class=\"elementor-widget-container\">\n\t\t\t<div id=\"priceTable50TR\" style=\"font-family: Arial, sans-serif; margin: 20px;\">\r\n    <div style=\"max-width: 800px; margin: 0 auto; background: #fff; padding: 20px; border-radius: 8px; box-shadow: 0 4px 8px rgba(0, 0, 0, 0.1);\">\r\n        <table style=\"width: 100%; border-collapse: collapse;\">\r\n            <thead>\r\n                <tr>\r\n                    <th style=\"border: 1px solid #ddd; padding: 10px; text-align: center; background-color: #DDB966; color: #fff; font-size: 16px;\">Hizmet<\/th>\r\n                    <th style=\"border: 1px solid #ddd; padding: 10px; text-align: center; background-color: #DDB966; color: #fff; font-size: 15px;\">25 dk<\/th>\r\n                    <th style=\"border: 1px solid #ddd; padding: 10px; text-align: center; background-color: #DDB966; color: #fff; font-size: 15px;\">50 dk<\/th>\r\n                    <th style=\"border: 1px solid #ddd; padding: 10px; text-align: center; background-color: #DDB966; color: #fff; font-size: 15px;\">80 dk<\/th>\r\n                <\/tr>\r\n            <\/thead>\r\n            <tbody>\r\n                <tr>\r\n                    <td style=\"border: 1px solid #ddd; padding: 10px; text-align: center;\">Thai Masaj\u0131<\/td>\r\n                    <td style=\"border: 1px solid #ddd; padding: 10px; text-align: center;\">\u2013<\/td>\r\n                    <td style=\"border: 1px solid #ddd; padding: 10px; text-align: center;\">2.290 \u20ba<\/td>\r\n                    <td style=\"border: 1px solid #ddd; padding: 10px; text-align: center;\">2.790 \u20ba<\/td>\r\n                <\/tr>\r\n                <tr>\r\n                    <td style=\"border: 1px solid #ddd; padding: 10px; text-align: center;\">Bali Masaj\u0131<\/td>\r\n                    <td style=\"border: 1px solid #ddd; padding: 10px; text-align: center;\">\u2013<\/td>\r\n                    <td style=\"border: 1px solid #ddd; padding: 10px; text-align: center;\">2.290 \u20ba<\/td>\r\n                    <td style=\"border: 1px solid #ddd; padding: 10px; text-align: center;\">2.790 \u20ba<\/td>\r\n                <\/tr>\r\n                <tr>\r\n                    <td style=\"border: 1px solid #ddd; padding: 10px; text-align: center;\">Klasik Masaj<\/td>\r\n                    <td style=\"border: 1px solid #ddd; padding: 10px; text-align: center;\">\u2013<\/td>\r\n                    <td style=\"border: 1px solid #ddd; padding: 10px; text-align: center;\">1.990 \u20ba<\/td>\r\n                    <td style=\"border: 1px solid #ddd; padding: 10px; text-align: center;\">2.690 \u20ba<\/td>\r\n                <\/tr>\r\n                <tr>\r\n                    <td style=\"border: 1px solid #ddd; padding: 10px; text-align: center;\">Aroma Terapi Masaj\u0131<\/td>\r\n                    <td style=\"border: 1px solid #ddd; padding: 10px; text-align: center;\">\u2013<\/td>\r\n                    <td style=\"border: 1px solid #ddd; padding: 10px; text-align: center;\">1.990 \u20ba<\/td>\r\n                    <td style=\"border: 1px solid #ddd; padding: 10px; text-align: center;\">2.690 \u20ba<\/td>\r\n                <\/tr>\r\n                <tr>\r\n                    <td style=\"border: 1px solid #ddd; padding: 10px; text-align: center;\">Derin Doku Masaj\u0131<\/td>\r\n                    <td style=\"border: 1px solid #ddd; padding: 10px; text-align: center;\">\u2013<\/td>\r\n                    <td style=\"border: 1px solid #ddd; padding: 10px; text-align: center;\">2.290 \u20ba<\/td>\r\n                    <td style=\"border: 1px solid #ddd; padding: 10px; text-align: center;\">2.790 \u20ba<\/td>\r\n                <\/tr>\r\n                <tr>\r\n                    <td style=\"border: 1px solid #ddd; padding: 10px; text-align: center;\">Anti Stres Masaj\u0131<\/td>\r\n                    <td style=\"border: 1px solid #ddd; padding: 10px; text-align: center;\">\u2013<\/td>\r\n                    <td style=\"border: 1px solid #ddd; padding: 10px; text-align: center;\">1.990 \u20ba<\/td>\r\n                    <td style=\"border: 1px solid #ddd; padding: 10px; text-align: center;\">2.690 \u20ba<\/td>\r\n                <\/tr>\r\n                <tr>\r\n                    <td style=\"border: 1px solid #ddd; padding: 10px; text-align: center;\">Spor Masaj\u0131<\/td>\r\n                    <td style=\"border: 1px solid #ddd; padding: 10px; text-align: center;\">\u2013<\/td>\r\n                    <td style=\"border: 1px solid #ddd; padding: 10px; text-align: center;\">1.990 \u20ba<\/td>\r\n                    <td style=\"border: 1px solid #ddd; padding: 10px; text-align: center;\">2.690 \u20ba<\/td>\r\n                <\/tr>\r\n                <tr>\r\n                    <td style=\"border: 1px solid #ddd; padding: 10px; text-align: center;\">S\u0131cak Ta\u015f Terapisi<\/td>\r\n                    <td style=\"border: 1px solid #ddd; padding: 10px; text-align: center;\">\u2013<\/td>\r\n                    <td style=\"border: 1px solid #ddd; padding: 10px; text-align: center;\">2.290 \u20ba<\/td>\r\n                    <td style=\"border: 1px solid #ddd; padding: 10px; text-align: center;\">\u2013<\/td>\r\n                <\/tr>\r\n                <tr>\r\n                    <td style=\"border: 1px solid #ddd; padding: 10px; text-align: center;\">S\u0131rt \u2013 Boyun \u2013 Omuz<\/td>\r\n                    <td style=\"border: 1px solid #ddd; padding: 10px; text-align: center;\">1.490 \u20ba<\/td>\r\n                    <td style=\"border: 1px solid #ddd; padding: 10px; text-align: center;\">\u2013<\/td>\r\n                    <td style=\"border: 1px solid #ddd; padding: 10px; text-align: center;\">\u2013<\/td>\r\n                <\/tr>\r\n                <tr>\r\n                    <td style=\"border: 1px solid #ddd; padding: 10px; text-align: center;\">Refleksoloji<\/td>\r\n                    <td style=\"border: 1px solid #ddd; padding: 10px; text-align: center;\">1.490 \u20ba<\/td>\r\n                    <td style=\"border: 1px solid #ddd; padding: 10px; text-align: center;\">\u2013<\/td>\r\n                    <td style=\"border: 1px solid #ddd; padding: 10px; text-align: center;\">\u2013<\/td>\r\n                <\/tr>\r\n            <\/tbody>\r\n            <tfoot>\r\n                <tr>\r\n                    <td colspan=\"4\" style=\"font-size: 14px; color: #666; text-align: left;\">* T\u00fcm fiyatlar T\u00fcrk Liras\u0131 (\u20ba) cinsindendir.<\/td>\r\n                <\/tr>\r\n            <\/tfoot>\r\n        <\/table>\r\n    <\/div>\r\n<\/div>\r\n\r\n<!-- Media Query -->\r\n<style>\r\n    @media (max-width: 768px) {\r\n        table {\r\n            font-size: 12px;\r\n        }\r\n        th, td {\r\n            padding: 8px;\r\n        }\r\n        th {\r\n            font-size: 14px;\r\n        }\r\n        td {\r\n            font-size: 12px;\r\n        }\r\n    }\r\n<\/style>\r\n<script>\r\ndocument.querySelectorAll(\"#priceTable50TR td\").forEach(td => {\r\n  const m = td.textContent.match(\/([\\d\\.]+)\\s*\u20ba\/);\r\n  if (!m) return;\r\n\r\n  const original = parseFloat(m[1].replace(\/\\.\/g, ''));\r\n  let discounted = original * 0.50;\r\n\r\n  discounted = Math.floor(discounted \/ 10) * 10;\r\n\r\n  td.innerHTML = `\r\n    <del style=\"color:#999\">${original.toLocaleString('tr-TR')} \u20ba<\/del><br>\r\n    <strong>${discounted.toLocaleString('tr-TR')} \u20ba<\/strong>\r\n  `;\r\n});\r\n<\/script>\r\n\r\n\t\t<\/div>\n\t\t\t\t<\/div>\n\t\t\t\t\t<\/div>\n\t\t\t\t<\/div>\n\t\t\t\t<\/div>\n\t\t","protected":false},"excerpt":{"rendered":"<p>Fiyat Listesi %50 \u0130ndirimli Sevgilier G\u00fcn\u00fc Fiyat listesi Hizmet 25 dk 50 dk 80 dk Thai Masaj\u0131 \u2013 2.290 \u20ba 2.790 \u20ba Bali Masaj\u0131 \u2013 2.290 \u20ba 2.790 \u20ba Klasik Masaj \u2013 1.990 \u20ba 2.690 \u20ba Aroma Terapi Masaj\u0131 \u2013 1.990 \u20ba 2.690 \u20ba Derin Doku Masaj\u0131 \u2013 2.290 \u20ba 2.790 \u20ba Anti Stres Masaj\u0131 [&hellip;]<\/p>\n","protected":false},"author":1,"featured_media":0,"parent":0,"menu_order":0,"comment_status":"closed","ping_status":"closed","template":"","meta":{"inline_featured_image":false,"_monsterinsights_skip_tracking":false,"_monsterinsights_sitenote_active":false,"_monsterinsights_sitenote_note":"","_monsterinsights_sitenote_category":0,"_joinchat":[],"footnotes":""},"class_list":["post-5139","page","type-page","status-publish","hentry"],"aioseo_notices":[],"_links":{"self":[{"href":"https:\/\/sanctuaryfamilywellness.com\/tr\/wp-json\/wp\/v2\/pages\/5139"}],"collection":[{"href":"https:\/\/sanctuaryfamilywellness.com\/tr\/wp-json\/wp\/v2\/pages"}],"about":[{"href":"https:\/\/sanctuaryfamilywellness.com\/tr\/wp-json\/wp\/v2\/types\/page"}],"author":[{"embeddable":true,"href":"https:\/\/sanctuaryfamilywellness.com\/tr\/wp-json\/wp\/v2\/users\/1"}],"replies":[{"embeddable":true,"href":"https:\/\/sanctuaryfamilywellness.com\/tr\/wp-json\/wp\/v2\/comments?post=5139"}],"version-history":[{"count":11,"href":"https:\/\/sanctuaryfamilywellness.com\/tr\/wp-json\/wp\/v2\/pages\/5139\/revisions"}],"predecessor-version":[{"id":5301,"href":"https:\/\/sanctuaryfamilywellness.com\/tr\/wp-json\/wp\/v2\/pages\/5139\/revisions\/5301"}],"wp:attachment":[{"href":"https:\/\/sanctuaryfamilywellness.com\/tr\/wp-json\/wp\/v2\/media?parent=5139"}],"curies":[{"name":"wp","href":"https:\/\/api.w.org\/{rel}","templated":true}]}}